{"id":186,"date":"2024-02-28T19:26:08","date_gmt":"2024-02-28T11:26:08","guid":{"rendered":"https:\/\/trycom.com.tw\/?page_id=186"},"modified":"2024-04-29T23:42:41","modified_gmt":"2024-04-29T15:42:41","slug":"about-us","status":"publish","type":"page","link":"https:\/\/trycom.com.tw\/es\/about-us\/","title":{"rendered":"Sobre nosotros"},"content":{"rendered":"<div data-elementor-type=\"wp-page\" data-elementor-id=\"186\" class=\"elementor elementor-186\" data-elementor-post-type=\"page\">\n\t\t\t\t<div class=\"elementor-element elementor-element-cfa27a0 e-flex e-con-boxed e-con e-parent\" data-id=\"cfa27a0\" data-element_type=\"container\">\n\t\t\t\t\t<div class=\"e-con-inner\">\n\t\t\t\t<div class=\"elementor-element elementor-element-4db6aa1 elementor-widget elementor-widget-heading\" data-id=\"4db6aa1\" data-element_type=\"widget\" data-widget_type=\"heading.default\">\n\t\t\t\t<div class=\"elementor-widget-container\">\n\t\t\t\t\t<h3 class=\"elementor-heading-title elementor-size-default\">\nDESCRIPCI\u00d3N GENERAL DE LA COMPA\u00d1\u00cdA<\/h3>\t\t\t\t<\/div>\n\t\t\t\t<\/div>\n\t\t\t\t\t<\/div>\n\t\t\t\t<\/div>\n\t\t<div class=\"elementor-element elementor-element-2888bdd2 e-con-full e-flex e-con e-parent\" data-id=\"2888bdd2\" data-element_type=\"container\">\n\t\t<div class=\"elementor-element elementor-element-6530e2d e-con-full e-flex e-con e-child\" data-id=\"6530e2d\" data-element_type=\"container\">\n\t\t\t\t<\/div>\n\t\t\t\t<\/div>\n\t\t<div class=\"elementor-element elementor-element-a56eab0 e-flex e-con-boxed e-con e-parent\" data-id=\"a56eab0\" data-element_type=\"container\">\n\t\t\t\t\t<div class=\"e-con-inner\">\n\t\t\t\t<div class=\"elementor-element elementor-element-4b2d9ee elementor-widget elementor-widget-text-editor\" data-id=\"4b2d9ee\" data-element_type=\"widget\" data-widget_type=\"text-editor.default\">\n\t\t\t\t<div class=\"elementor-widget-container\">\n\t\t\t\t\t\t\t\t\t<p>Somos Trycom Technology Co., Ltd. es una empresa joven, din\u00e1mica y en continuo crecimiento con un equipo joven dedicado al campo de la automatizaci\u00f3n industrial. Fabricante especializado en convertidores industriales.<\/p><p>Trycom Tecnolog\u00eda Co., Ltd. se fund\u00f3 en 2002 y vende ampliamente productos en m\u00e1s de 40 pa\u00edses en todo el mundo. Fabricante de convertidores industriales, nuestra empresa es un convertidor de comunicaci\u00f3n industrial con sede en Taiw\u00e1n y un m\u00f3dulo RS-485 de entrada\/salida digital y entrada anal\u00f3gica y otros proveedores importantes de productos, nuestros productos Certificaci\u00f3n multinacional y pruebas ambientales, comercializando en m\u00e1s de 40 pa\u00edses. El 100% de la gama completa de productos de la empresa se encuentra en desarrollo de Taiw\u00e1n. Fabricaci\u00f3n. Inspecci\u00f3n. Fuente de energ\u00eda importada de Jap\u00f3n. Los productos de la compa\u00f1\u00eda est\u00e1n operando actualmente en Taiw\u00e1n. La sala de suministro de energ\u00eda y la estaci\u00f3n MRT de Chunghwa Telecom y muchas compa\u00f1\u00edas de sistemas de monitoreo de energ\u00eda solar tambi\u00e9n hay muchas compa\u00f1\u00edas de monitoreo, control de acceso, ingenier\u00eda y listado de sistemas de control de instrumentos y otras compa\u00f1\u00edas.<\/p><p>Si necesita convertidores relacionados, no dude en contactarnos.<\/p><p>O env\u00ede la informaci\u00f3n del producto de nuestra empresa al departamento correspondiente.<\/p><p>Los principales productos de Trycom Technology incluyen:<\/p><p><strong>*Multi-port RS232 to RS422\/485 optical isolation converter series.<\/strong><\/p><p><strong>*Multi-port USB to RS232\/RS422\/485 optical isolation converter series.<\/strong><\/p><p><strong>*Multi-port network to RS232\/422\/485 optical isolation converter series.<\/strong><\/p><p><strong>*Modbus TCP to RTU\/ASCII Gateway.<\/strong><\/p><p><strong>*Modbus TCP Digital I\/O series.<\/strong><\/p><p><strong>*Isolate AIO, DIO RS485 remote module series.<\/strong><\/p><p><strong>*Bluetooth wireless to RS232\/422\/485 converter.<\/strong><\/p><p><strong>*Optical fiber to RS232\/422\/485 isolated converter.<\/strong><\/p><p><strong>*Optical fiber network converter.<\/strong><\/p><p>~~ y otros productos.<\/p><p style=\"font-weight: 400;\">\u00a0<\/p>\t\t\t\t\t\t\t\t<\/div>\n\t\t\t\t<\/div>\n\t\t\t\t\t<\/div>\n\t\t\t\t<\/div>\n\t\t<div class=\"elementor-element elementor-element-8fee581 e-con-full e-flex e-con e-parent\" data-id=\"8fee581\" data-element_type=\"container\">\n\t\t<div class=\"elementor-element elementor-element-7380633 e-con-full e-flex e-con e-child\" data-id=\"7380633\" data-element_type=\"container\">\n\t\t\t\t<div class=\"elementor-element elementor-element-4c3be42 elementor-widget elementor-widget-heading\" data-id=\"4c3be42\" data-element_type=\"widget\" data-widget_type=\"heading.default\">\n\t\t\t\t<div class=\"elementor-widget-container\">\n\t\t\t\t\t<h3 class=\"elementor-heading-title elementor-size-default\">Nuestra promesa\n\n<\/h3>\t\t\t\t<\/div>\n\t\t\t\t<\/div>\n\t\t\t\t<div class=\"elementor-element elementor-element-4c07a73 elementor-widget elementor-widget-text-editor\" data-id=\"4c07a73\" data-element_type=\"widget\" data-widget_type=\"text-editor.default\">\n\t\t\t\t<div class=\"elementor-widget-container\">\n\t\t\t\t\t\t\t\t\t<ul style=\"font-weight: 400;\"><li>Tenga stock disponible y soporte log\u00edstico para reducir sus costos log\u00edsticos generales.<\/li><li>Han vendido m\u00e1s de 40 pa\u00edses. Con muchos a\u00f1os de experiencia vers\u00e1til en atenci\u00f3n al cliente y amplias habilidades de resoluci\u00f3n de problemas para hacer crecer su empresa juntos.<\/li><li>Nuestra experiencia t\u00e9cnica es una caracter\u00edstica importante de nuestra empresa.<\/li><li>Tenemos la intenci\u00f3n de ofrecer a nuestros clientes productos convertidores de la m\u00e1s alta calidad disponibles en cualquier mercado.<\/li><li>Estamos orgullosos de nuestra reputaci\u00f3n y siempre nos esforzamos por ofrecer soluciones \u00f3ptimas para las aplicaciones de los clientes.<\/li><li>Nuestro objetivo es establecer una asociaci\u00f3n estrecha y a largo plazo con los clientes.<\/li><\/ul><p style=\"font-weight: 400;\">\u00a0<\/p>\t\t\t\t\t\t\t\t<\/div>\n\t\t\t\t<\/div>\n\t\t\t\t<\/div>\n\t\t<div class=\"elementor-element elementor-element-c1453d3 e-con-full e-flex e-con e-child\" data-id=\"c1453d3\" data-element_type=\"container\">\n\t\t\t\t<div class=\"elementor-element elementor-element-2e3c40c elementor-widget elementor-widget-image\" data-id=\"2e3c40c\" data-element_type=\"widget\" data-widget_type=\"image.default\">\n\t\t\t\t<div class=\"elementor-widget-container\">\n\t\t\t\t\t\t\t\t\t\t\t\t\t\t\t<img fetchpriority=\"high\" decoding=\"async\" width=\"2500\" height=\"1667\" src=\"https:\/\/trycom.com.tw\/wp-content\/uploads\/2024\/03\/s001.jpg\" class=\"attachment-full size-full wp-image-485\" alt=\"\" srcset=\"https:\/\/trycom.com.tw\/wp-content\/uploads\/2024\/03\/s001.jpg 2500w, https:\/\/trycom.com.tw\/wp-content\/uploads\/2024\/03\/s001-300x200.jpg 300w, https:\/\/trycom.com.tw\/wp-content\/uploads\/2024\/03\/s001-1024x683.jpg 1024w, https:\/\/trycom.com.tw\/wp-content\/uploads\/2024\/03\/s001-768x512.jpg 768w, https:\/\/trycom.com.tw\/wp-content\/uploads\/2024\/03\/s001-1536x1024.jpg 1536w, https:\/\/trycom.com.tw\/wp-content\/uploads\/2024\/03\/s001-2048x1366.jpg 2048w\" sizes=\"(max-width: 2500px) 100vw, 2500px\" \/>\t\t\t\t\t\t\t\t\t\t\t\t\t\t\t<\/div>\n\t\t\t\t<\/div>\n\t\t\t\t<\/div>\n\t\t\t\t<\/div>\n\t\t\t\t<\/div>","protected":false},"excerpt":{"rendered":"<p>COMPANY OVERVIEW We are Trycom Technology Co., Ltd. is young, dynamic and continually growing company with a young team engaged in the field of industrial automation.manufacturer specializing in industrial converters. Trycom Technology Co.,Ltd. has founded in 2002 and extensively sold products more than 40 countries worldwide.Manufacturer of industrial converters, our company is a Taiwan-based industrial [&hellip;]<\/p>","protected":false},"author":1,"featured_media":0,"parent":0,"menu_order":0,"comment_status":"closed","ping_status":"closed","template":"","meta":{"footnotes":""},"class_list":["post-186","page","type-page","status-publish","hentry"],"_links":{"self":[{"href":"https:\/\/trycom.com.tw\/es\/wp-json\/wp\/v2\/pages\/186","targetHints":{"allow":["GET"]}}],"collection":[{"href":"https:\/\/trycom.com.tw\/es\/wp-json\/wp\/v2\/pages"}],"about":[{"href":"https:\/\/trycom.com.tw\/es\/wp-json\/wp\/v2\/types\/page"}],"author":[{"embeddable":true,"href":"https:\/\/trycom.com.tw\/es\/wp-json\/wp\/v2\/users\/1"}],"replies":[{"embeddable":true,"href":"https:\/\/trycom.com.tw\/es\/wp-json\/wp\/v2\/comments?post=186"}],"version-history":[{"count":76,"href":"https:\/\/trycom.com.tw\/es\/wp-json\/wp\/v2\/pages\/186\/revisions"}],"predecessor-version":[{"id":2380,"href":"https:\/\/trycom.com.tw\/es\/wp-json\/wp\/v2\/pages\/186\/revisions\/2380"}],"wp:attachment":[{"href":"https:\/\/trycom.com.tw\/es\/wp-json\/wp\/v2\/media?parent=186"}],"curies":[{"name":"wp","href":"https:\/\/api.w.org\/{rel}","templated":true}]}}